{"id":886,"date":"2024-01-22T17:57:23","date_gmt":"2024-01-22T16:57:23","guid":{"rendered":"https:\/\/www.fat-target.com\/panier\/"},"modified":"2026-01-16T15:17:56","modified_gmt":"2026-01-16T14:17:56","slug":"mijn-winkelmand","status":"publish","type":"page","link":"https:\/\/www.fat-target.com\/nl\/mijn-winkelmand\/","title":{"rendered":"Mijn Winkelmand"},"content":{"rendered":"\t\t<div data-elementor-type=\"wp-page\" data-elementor-id=\"886\" class=\"elementor elementor-886 elementor-13\" data-elementor-post-type=\"page\">\n\t\t\t\t<div class=\"elementor-element elementor-element-caa0a05 e-flex e-con-boxed e-con e-parent\" data-id=\"caa0a05\" data-element_type=\"container\" data-e-type=\"container\" data-settings=\"{&quot;background_background&quot;:&quot;classic&quot;}\">\n\t\t\t\t\t<div class=\"e-con-inner\">\n\t\t\t\t<div class=\"elementor-element elementor-element-840a4e6 elementor-widget elementor-widget-heading\" data-id=\"840a4e6\" data-element_type=\"widget\" data-e-type=\"widget\" data-widget_type=\"heading.default\">\n\t\t\t\t\t<h1 class=\"elementor-heading-title elementor-size-default\">Mijn Winkelmand<\/h1>\t\t\t\t<\/div>\n\t\t\t\t\t<\/div>\n\t\t\t\t<\/div>\n\t\t<div class=\"elementor-element elementor-element-4ff94a65 e-flex e-con-boxed e-con e-parent\" data-id=\"4ff94a65\" data-element_type=\"container\" data-e-type=\"container\">\n\t\t\t\t\t<div class=\"e-con-inner\">\n\t\t\t\t\t<\/div>\n\t\t\t\t<\/div>\n\t\t\t\t<\/div>\n\t\t","protected":false},"excerpt":{"rendered":"<p>Mijn Winkelmand Supprimer l\u2019\u00e9l\u00e9ment Miniature Produit Prix Quantit\u00e9 Sous-total \u00d7 FAT-TARGET Pack 3 85,00\u20ac quantit\u00e9 de FAT-TARGET Pack 3\u00a0 85,00\u20ac Waardebon toepassen Totalen winkelwagen Sous-total 85,00\u20ac Exp\u00e9dition Livraison gratuite Tranport: 5,00\u20ac Livraison \u00e0 Rue haute, 1340 Ottignies. Modifier l\u2019adresse Pays\/r\u00e9gion\u00a0: S\u00e9lectionner un pays\/r\u00e9gion\u2026AfghanistanAfrique du Sud\u00c5land IslandsAlbanieAlg\u00e9rieAllemagneAmerican SamoaAndorreAngolaAnguillaAntarctiqueAntigua-et-BarbudaArabie SaouditeArgentineArm\u00e9nieArubaAustralieAutricheAzerbaijanBahamasBahrainBangladeshBarbadesBelauBelgiqueBelizeBeninBermudesBhutanBi\u00e9lorussieBolivieBosnie-Herz\u00e9govineBotswanaBr\u00e9silBruneiBulgarieBurkina FasoBurundiCambodgeCamerounCanadaCap VertChiliChineChristmas IslandChypreColombieComoresCongo (Brazzaville)Congo (Kinshasa)Cor\u00e9e du NordCor\u00e9e [&hellip;]<\/p>\n","protected":false},"author":1,"featured_media":0,"parent":0,"menu_order":0,"comment_status":"closed","ping_status":"closed","template":"","meta":{"footnotes":""},"class_list":["post-886","page","type-page","status-publish","hentry"],"yoast_head":"<!-- This site is optimized with the Yoast SEO plugin v27.5 - https:\/\/yoast.com\/product\/yoast-seo-wordpress\/ -->\n<title>Mijn Winkelmand - Fat Target<\/title>\n<meta name=\"robots\" content=\"index, follow, max-snippet:-1, max-image-preview:large, max-video-preview:-1\" \/>\n<link rel=\"canonical\" href=\"https:\/\/www.fat-target.com\/nl\/mijn-winkelmand\/\" \/>\n<meta property=\"og:locale\" content=\"nl_NL\" \/>\n<meta property=\"og:type\" content=\"article\" \/>\n<meta property=\"og:title\" content=\"Mijn Winkelmand - Fat Target\" \/>\n<meta property=\"og:description\" content=\"Mijn Winkelmand Supprimer l\u2019\u00e9l\u00e9ment Miniature Produit Prix Quantit\u00e9 Sous-total \u00d7 FAT-TARGET Pack 3 85,00\u20ac quantit\u00e9 de FAT-TARGET Pack 3\u00a0 85,00\u20ac Waardebon toepassen Totalen winkelwagen Sous-total 85,00\u20ac Exp\u00e9dition Livraison gratuite Tranport: 5,00\u20ac Livraison \u00e0 Rue haute, 1340 Ottignies. Modifier l\u2019adresse Pays\/r\u00e9gion\u00a0: S\u00e9lectionner un pays\/r\u00e9gion\u2026AfghanistanAfrique du Sud\u00c5land IslandsAlbanieAlg\u00e9rieAllemagneAmerican SamoaAndorreAngolaAnguillaAntarctiqueAntigua-et-BarbudaArabie SaouditeArgentineArm\u00e9nieArubaAustralieAutricheAzerbaijanBahamasBahrainBangladeshBarbadesBelauBelgiqueBelizeBeninBermudesBhutanBi\u00e9lorussieBolivieBosnie-Herz\u00e9govineBotswanaBr\u00e9silBruneiBulgarieBurkina FasoBurundiCambodgeCamerounCanadaCap VertChiliChineChristmas IslandChypreColombieComoresCongo (Brazzaville)Congo (Kinshasa)Cor\u00e9e du NordCor\u00e9e [&hellip;]\" \/>\n<meta property=\"og:url\" content=\"https:\/\/www.fat-target.com\/nl\/mijn-winkelmand\/\" \/>\n<meta property=\"og:site_name\" content=\"Fat Target\" \/>\n<meta property=\"article:publisher\" content=\"https:\/\/www.facebook.com\/fat.target\" \/>\n<meta property=\"article:modified_time\" content=\"2026-01-16T14:17:56+00:00\" \/>\n<meta property=\"og:image\" content=\"https:\/\/www.fat-target.com\/wp-content\/uploads\/2024\/01\/fat-target-pack-3.1-300x300.png\" \/>\n<meta name=\"twitter:card\" content=\"summary_large_image\" \/>\n<meta name=\"twitter:label1\" content=\"Geschatte leestijd\" \/>\n\t<meta name=\"twitter:data1\" content=\"3 minuten\" \/>\n<script type=\"application\/ld+json\" class=\"yoast-schema-graph\">{\"@context\":\"https:\\\/\\\/schema.org\",\"@graph\":[{\"@type\":\"WebPage\",\"@id\":\"https:\\\/\\\/www.fat-target.com\\\/nl\\\/mijn-winkelmand\\\/\",\"url\":\"https:\\\/\\\/www.fat-target.com\\\/nl\\\/mijn-winkelmand\\\/\",\"name\":\"Mijn Winkelmand - Fat Target\",\"isPartOf\":{\"@id\":\"https:\\\/\\\/www.fat-target.com\\\/nl\\\/#website\"},\"primaryImageOfPage\":{\"@id\":\"https:\\\/\\\/www.fat-target.com\\\/nl\\\/mijn-winkelmand\\\/#primaryimage\"},\"image\":{\"@id\":\"https:\\\/\\\/www.fat-target.com\\\/nl\\\/mijn-winkelmand\\\/#primaryimage\"},\"thumbnailUrl\":\"https:\\\/\\\/www.fat-target.com\\\/wp-content\\\/uploads\\\/2024\\\/01\\\/fat-target-pack-3.1-300x300.png\",\"datePublished\":\"2024-01-22T16:57:23+00:00\",\"dateModified\":\"2026-01-16T14:17:56+00:00\",\"breadcrumb\":{\"@id\":\"https:\\\/\\\/www.fat-target.com\\\/nl\\\/mijn-winkelmand\\\/#breadcrumb\"},\"inLanguage\":\"nl-NL\",\"potentialAction\":[{\"@type\":\"ReadAction\",\"target\":[\"https:\\\/\\\/www.fat-target.com\\\/nl\\\/mijn-winkelmand\\\/\"]}]},{\"@type\":\"ImageObject\",\"inLanguage\":\"nl-NL\",\"@id\":\"https:\\\/\\\/www.fat-target.com\\\/nl\\\/mijn-winkelmand\\\/#primaryimage\",\"url\":\"https:\\\/\\\/www.fat-target.com\\\/wp-content\\\/uploads\\\/2024\\\/01\\\/fat-target-pack-3.1-300x300.png\",\"contentUrl\":\"https:\\\/\\\/www.fat-target.com\\\/wp-content\\\/uploads\\\/2024\\\/01\\\/fat-target-pack-3.1-300x300.png\"},{\"@type\":\"BreadcrumbList\",\"@id\":\"https:\\\/\\\/www.fat-target.com\\\/nl\\\/mijn-winkelmand\\\/#breadcrumb\",\"itemListElement\":[{\"@type\":\"ListItem\",\"position\":1,\"name\":\"Accueil\",\"item\":\"https:\\\/\\\/www.fat-target.com\\\/nl\\\/\"},{\"@type\":\"ListItem\",\"position\":2,\"name\":\"Mijn Winkelmand\"}]},{\"@type\":\"WebSite\",\"@id\":\"https:\\\/\\\/www.fat-target.com\\\/nl\\\/#website\",\"url\":\"https:\\\/\\\/www.fat-target.com\\\/nl\\\/\",\"name\":\"Fat Target\",\"description\":\"Site Officiel - Produits minceur\",\"publisher\":{\"@id\":\"https:\\\/\\\/www.fat-target.com\\\/nl\\\/#organization\"},\"alternateName\":\"Site Officiel - Produits minceur\",\"potentialAction\":[{\"@type\":\"SearchAction\",\"target\":{\"@type\":\"EntryPoint\",\"urlTemplate\":\"https:\\\/\\\/www.fat-target.com\\\/nl\\\/?s={search_term_string}\"},\"query-input\":{\"@type\":\"PropertyValueSpecification\",\"valueRequired\":true,\"valueName\":\"search_term_string\"}}],\"inLanguage\":\"nl-NL\"},{\"@type\":\"Organization\",\"@id\":\"https:\\\/\\\/www.fat-target.com\\\/nl\\\/#organization\",\"name\":\"Fat Target\",\"alternateName\":\"Site Officiel - Produits minceur\",\"url\":\"https:\\\/\\\/www.fat-target.com\\\/nl\\\/\",\"logo\":{\"@type\":\"ImageObject\",\"inLanguage\":\"nl-NL\",\"@id\":\"https:\\\/\\\/www.fat-target.com\\\/nl\\\/#\\\/schema\\\/logo\\\/image\\\/\",\"url\":\"https:\\\/\\\/www.fat-target.com\\\/wp-content\\\/uploads\\\/2024\\\/01\\\/LOGO_FAT_TARGET.svg\",\"contentUrl\":\"https:\\\/\\\/www.fat-target.com\\\/wp-content\\\/uploads\\\/2024\\\/01\\\/LOGO_FAT_TARGET.svg\",\"width\":1570,\"height\":1683,\"caption\":\"Fat Target\"},\"image\":{\"@id\":\"https:\\\/\\\/www.fat-target.com\\\/nl\\\/#\\\/schema\\\/logo\\\/image\\\/\"},\"sameAs\":[\"https:\\\/\\\/www.facebook.com\\\/fat.target\",\"https:\\\/\\\/www.youtube.com\\\/@fattarget2101\"]}]}<\/script>\n<!-- \/ Yoast SEO plugin. -->","yoast_head_json":{"title":"Mijn Winkelmand - Fat Target","robots":{"index":"index","follow":"follow","max-snippet":"max-snippet:-1","max-image-preview":"max-image-preview:large","max-video-preview":"max-video-preview:-1"},"canonical":"https:\/\/www.fat-target.com\/nl\/mijn-winkelmand\/","og_locale":"nl_NL","og_type":"article","og_title":"Mijn Winkelmand - Fat Target","og_description":"Mijn Winkelmand Supprimer l\u2019\u00e9l\u00e9ment Miniature Produit Prix Quantit\u00e9 Sous-total \u00d7 FAT-TARGET Pack 3 85,00\u20ac quantit\u00e9 de FAT-TARGET Pack 3\u00a0 85,00\u20ac Waardebon toepassen Totalen winkelwagen Sous-total 85,00\u20ac Exp\u00e9dition Livraison gratuite Tranport: 5,00\u20ac Livraison \u00e0 Rue haute, 1340 Ottignies. Modifier l\u2019adresse Pays\/r\u00e9gion\u00a0: S\u00e9lectionner un pays\/r\u00e9gion\u2026AfghanistanAfrique du Sud\u00c5land IslandsAlbanieAlg\u00e9rieAllemagneAmerican SamoaAndorreAngolaAnguillaAntarctiqueAntigua-et-BarbudaArabie SaouditeArgentineArm\u00e9nieArubaAustralieAutricheAzerbaijanBahamasBahrainBangladeshBarbadesBelauBelgiqueBelizeBeninBermudesBhutanBi\u00e9lorussieBolivieBosnie-Herz\u00e9govineBotswanaBr\u00e9silBruneiBulgarieBurkina FasoBurundiCambodgeCamerounCanadaCap VertChiliChineChristmas IslandChypreColombieComoresCongo (Brazzaville)Congo (Kinshasa)Cor\u00e9e du NordCor\u00e9e [&hellip;]","og_url":"https:\/\/www.fat-target.com\/nl\/mijn-winkelmand\/","og_site_name":"Fat Target","article_publisher":"https:\/\/www.facebook.com\/fat.target","article_modified_time":"2026-01-16T14:17:56+00:00","og_image":[{"url":"https:\/\/www.fat-target.com\/wp-content\/uploads\/2024\/01\/fat-target-pack-3.1-300x300.png","type":"","width":"","height":""}],"twitter_card":"summary_large_image","twitter_misc":{"Geschatte leestijd":"3 minuten"},"schema":{"@context":"https:\/\/schema.org","@graph":[{"@type":"WebPage","@id":"https:\/\/www.fat-target.com\/nl\/mijn-winkelmand\/","url":"https:\/\/www.fat-target.com\/nl\/mijn-winkelmand\/","name":"Mijn Winkelmand - Fat Target","isPartOf":{"@id":"https:\/\/www.fat-target.com\/nl\/#website"},"primaryImageOfPage":{"@id":"https:\/\/www.fat-target.com\/nl\/mijn-winkelmand\/#primaryimage"},"image":{"@id":"https:\/\/www.fat-target.com\/nl\/mijn-winkelmand\/#primaryimage"},"thumbnailUrl":"https:\/\/www.fat-target.com\/wp-content\/uploads\/2024\/01\/fat-target-pack-3.1-300x300.png","datePublished":"2024-01-22T16:57:23+00:00","dateModified":"2026-01-16T14:17:56+00:00","breadcrumb":{"@id":"https:\/\/www.fat-target.com\/nl\/mijn-winkelmand\/#breadcrumb"},"inLanguage":"nl-NL","potentialAction":[{"@type":"ReadAction","target":["https:\/\/www.fat-target.com\/nl\/mijn-winkelmand\/"]}]},{"@type":"ImageObject","inLanguage":"nl-NL","@id":"https:\/\/www.fat-target.com\/nl\/mijn-winkelmand\/#primaryimage","url":"https:\/\/www.fat-target.com\/wp-content\/uploads\/2024\/01\/fat-target-pack-3.1-300x300.png","contentUrl":"https:\/\/www.fat-target.com\/wp-content\/uploads\/2024\/01\/fat-target-pack-3.1-300x300.png"},{"@type":"BreadcrumbList","@id":"https:\/\/www.fat-target.com\/nl\/mijn-winkelmand\/#breadcrumb","itemListElement":[{"@type":"ListItem","position":1,"name":"Accueil","item":"https:\/\/www.fat-target.com\/nl\/"},{"@type":"ListItem","position":2,"name":"Mijn Winkelmand"}]},{"@type":"WebSite","@id":"https:\/\/www.fat-target.com\/nl\/#website","url":"https:\/\/www.fat-target.com\/nl\/","name":"Fat Target","description":"Site Officiel - Produits minceur","publisher":{"@id":"https:\/\/www.fat-target.com\/nl\/#organization"},"alternateName":"Site Officiel - Produits minceur","potentialAction":[{"@type":"SearchAction","target":{"@type":"EntryPoint","urlTemplate":"https:\/\/www.fat-target.com\/nl\/?s={search_term_string}"},"query-input":{"@type":"PropertyValueSpecification","valueRequired":true,"valueName":"search_term_string"}}],"inLanguage":"nl-NL"},{"@type":"Organization","@id":"https:\/\/www.fat-target.com\/nl\/#organization","name":"Fat Target","alternateName":"Site Officiel - Produits minceur","url":"https:\/\/www.fat-target.com\/nl\/","logo":{"@type":"ImageObject","inLanguage":"nl-NL","@id":"https:\/\/www.fat-target.com\/nl\/#\/schema\/logo\/image\/","url":"https:\/\/www.fat-target.com\/wp-content\/uploads\/2024\/01\/LOGO_FAT_TARGET.svg","contentUrl":"https:\/\/www.fat-target.com\/wp-content\/uploads\/2024\/01\/LOGO_FAT_TARGET.svg","width":1570,"height":1683,"caption":"Fat Target"},"image":{"@id":"https:\/\/www.fat-target.com\/nl\/#\/schema\/logo\/image\/"},"sameAs":["https:\/\/www.facebook.com\/fat.target","https:\/\/www.youtube.com\/@fattarget2101"]}]}},"_links":{"self":[{"href":"https:\/\/www.fat-target.com\/nl\/wp-json\/wp\/v2\/pages\/886","targetHints":{"allow":["GET"]}}],"collection":[{"href":"https:\/\/www.fat-target.com\/nl\/wp-json\/wp\/v2\/pages"}],"about":[{"href":"https:\/\/www.fat-target.com\/nl\/wp-json\/wp\/v2\/types\/page"}],"author":[{"embeddable":true,"href":"https:\/\/www.fat-target.com\/nl\/wp-json\/wp\/v2\/users\/1"}],"replies":[{"embeddable":true,"href":"https:\/\/www.fat-target.com\/nl\/wp-json\/wp\/v2\/comments?post=886"}],"version-history":[{"count":1,"href":"https:\/\/www.fat-target.com\/nl\/wp-json\/wp\/v2\/pages\/886\/revisions"}],"predecessor-version":[{"id":7890,"href":"https:\/\/www.fat-target.com\/nl\/wp-json\/wp\/v2\/pages\/886\/revisions\/7890"}],"wp:attachment":[{"href":"https:\/\/www.fat-target.com\/nl\/wp-json\/wp\/v2\/media?parent=886"}],"curies":[{"name":"wp","href":"https:\/\/api.w.org\/{rel}","templated":true}]}}